{"id":1771,"date":"2023-01-21T00:33:04","date_gmt":"2023-01-21T00:33:04","guid":{"rendered":"https:\/\/alianzadelpastizal.birdlife.org\/?page_id=1771"},"modified":"2024-02-15T15:13:33","modified_gmt":"2024-02-15T15:13:33","slug":"onde-trabalhamos","status":"publish","type":"page","link":"https:\/\/alianzadelpastizal.birdlife.org\/pt\/onde-trabalhamos\/","title":{"rendered":"Onde trabalhamos"},"content":{"rendered":"<div data-elementor-type=\"wp-page\" data-elementor-id=\"1771\" class=\"elementor elementor-1771\" data-elementor-post-type=\"page\">\n\t\t\t\t\t\t<section data-particle_enable=\"false\" data-particle-mobile-disabled=\"false\" class=\"elementor-section elementor-top-section elementor-element elementor-element-1c671c1a elementor-section-boxed elementor-section-height-default elementor-section-height-default\" data-id=\"1c671c1a\" data-element_type=\"section\" data-e-type=\"section\" data-settings=\"{&quot;background_background&quot;:&quot;classic&quot;}\">\n\t\t\t\t\t\t<div class=\"elementor-container elementor-column-gap-default\">\n\t\t\t\t\t<div class=\"elementor-column elementor-col-100 elementor-top-column elementor-element elementor-element-432ca6b2\" data-id=\"432ca6b2\" data-element_type=\"column\" data-e-type=\"column\">\n\t\t\t<div class=\"elementor-widget-wrap elementor-element-populated\">\n\t\t\t\t\t\t<div class=\"elementor-element elementor-element-d6e6710 elementor-widget elementor-widget-spacer\" data-id=\"d6e6710\" data-element_type=\"widget\" data-e-type=\"widget\" data-widget_type=\"spacer.default\">\n\t\t\t\t<div class=\"elementor-widget-container\">\n\t\t\t\t\t\t\t<div class=\"elementor-spacer\">\n\t\t\t<div class=\"elementor-spacer-inner\"><\/div>\n\t\t<\/div>\n\t\t\t\t\t\t<\/div>\n\t\t\t\t<\/div>\n\t\t\t\t<div class=\"elementor-element elementor-element-599319cf elementor-widget elementor-widget-heading\" data-id=\"599319cf\" data-element_type=\"widget\" data-e-type=\"widget\" data-widget_type=\"heading.default\">\n\t\t\t\t<div class=\"elementor-widget-container\">\n\t\t\t\t\t<h2 class=\"elementor-heading-title elementor-size-default\">Onde trabalhamos?<\/h2>\t\t\t\t<\/div>\n\t\t\t\t<\/div>\n\t\t\t\t<div class=\"elementor-element elementor-element-6ec8eb1c elementor-widget elementor-widget-text-editor\" data-id=\"6ec8eb1c\" data-element_type=\"widget\" data-e-type=\"widget\" data-widget_type=\"text-editor.default\">\n\t\t\t\t<div class=\"elementor-widget-container\">\n\t\t\t\t\t\t\t\t\t<p>Gerenciamos de forma sustent\u00e1vel mais de 750 campos de produ\u00e7\u00e3o na Argentina, Brasil, Paraguai e Uruguai.<\/p>\t\t\t\t\t\t\t\t<\/div>\n\t\t\t\t<\/div>\n\t\t\t\t<div class=\"elementor-element elementor-element-db11dd1 elementor-invisible elementor-widget elementor-widget-html\" data-id=\"db11dd1\" data-element_type=\"widget\" data-e-type=\"widget\" data-settings=\"{&quot;_animation&quot;:&quot;fadeInUp&quot;}\" data-widget_type=\"html.default\">\n\t\t\t\t<div class=\"elementor-widget-container\">\n\t\t\t\t\t<iframe src=\"https:\/\/www.google.com\/maps\/d\/embed?mid=1Yn8EznfjqA55ZBJIL0OhHmIQobEPVtI&hl=en&ehbc=2E312F\" width=\"640\" height=\"480\"><\/iframe>\t\t\t\t<\/div>\n\t\t\t\t<\/div>\n\t\t\t\t<div class=\"elementor-element elementor-element-5e542ff elementor-widget elementor-widget-spacer\" data-id=\"5e542ff\" data-element_type=\"widget\" data-e-type=\"widget\" data-widget_type=\"spacer.default\">\n\t\t\t\t<div class=\"elementor-widget-container\">\n\t\t\t\t\t\t\t<div class=\"elementor-spacer\">\n\t\t\t<div class=\"elementor-spacer-inner\"><\/div>\n\t\t<\/div>\n\t\t\t\t\t\t<\/div>\n\t\t\t\t<\/div>\n\t\t\t\t\t<\/div>\n\t\t<\/div>\n\t\t\t\t\t<\/div>\n\t\t<\/section>\n\t\t\t\t<\/div>","protected":false},"excerpt":{"rendered":"<p>Onde trabalhamos? Gerenciamos de forma sustent\u00e1vel mais de 750 campos de produ\u00e7\u00e3o na Argentina, Brasil, Paraguai e Uruguai.<\/p>","protected":false},"author":9939,"featured_media":0,"parent":0,"menu_order":6,"comment_status":"closed","ping_status":"closed","template":"","meta":{"footnotes":""},"class_list":["post-1771","page","type-page","status-publish","hentry"],"_links":{"self":[{"href":"https:\/\/alianzadelpastizal.birdlife.org\/pt\/wp-json\/wp\/v2\/pages\/1771","targetHints":{"allow":["GET"]}}],"collection":[{"href":"https:\/\/alianzadelpastizal.birdlife.org\/pt\/wp-json\/wp\/v2\/pages"}],"about":[{"href":"https:\/\/alianzadelpastizal.birdlife.org\/pt\/wp-json\/wp\/v2\/types\/page"}],"author":[{"embeddable":true,"href":"https:\/\/alianzadelpastizal.birdlife.org\/pt\/wp-json\/wp\/v2\/users\/9939"}],"replies":[{"embeddable":true,"href":"https:\/\/alianzadelpastizal.birdlife.org\/pt\/wp-json\/wp\/v2\/comments?post=1771"}],"version-history":[{"count":25,"href":"https:\/\/alianzadelpastizal.birdlife.org\/pt\/wp-json\/wp\/v2\/pages\/1771\/revisions"}],"predecessor-version":[{"id":3224,"href":"https:\/\/alianzadelpastizal.birdlife.org\/pt\/wp-json\/wp\/v2\/pages\/1771\/revisions\/3224"}],"wp:attachment":[{"href":"https:\/\/alianzadelpastizal.birdlife.org\/pt\/wp-json\/wp\/v2\/media?parent=1771"}],"curies":[{"name":"wp","href":"https:\/\/api.w.org\/{rel}","templated":true}]}}